{"id":3,"date":"2021-03-18T16:17:32","date_gmt":"2021-03-18T16:17:32","guid":{"rendered":"http:\/\/comercialguibu.com\/?page_id=3"},"modified":"2022-03-22T18:33:42","modified_gmt":"2022-03-22T18:33:42","slug":"politica-privacidad","status":"publish","type":"page","link":"https:\/\/www.limpiezasfrankfurt.com\/index.php\/politica-privacidad\/","title":{"rendered":"Pol\u00edtica de privacidad"},"content":{"rendered":"\t\t<div data-elementor-type=\"wp-page\" data-elementor-id=\"3\" class=\"elementor elementor-3\" data-elementor-settings=\"[]\">\n\t\t\t\t\t\t\t<div class=\"elementor-section-wrap\">\n\t\t\t\t\t\t\t<section class=\"elementor-section elementor-top-section elementor-element elementor-element-3a902ca5 elementor-section-boxed elementor-section-height-default elementor-section-height-default\" data-id=\"3a902ca5\" data-element_type=\"section\">\n\t\t\t\t\t\t<div class=\"elementor-container elementor-column-gap-default\">\n\t\t\t\t\t<div class=\"elementor-column elementor-col-100 elementor-top-column elementor-element elementor-element-26f818b6\" data-id=\"26f818b6\" data-element_type=\"column\">\n\t\t\t<div class=\"elementor-widget-wrap elementor-element-populated\">\n\t\t\t\t\t\t\t\t<div class=\"elementor-element elementor-element-77ba5b79 elementor-widget elementor-widget-text-editor\" data-id=\"77ba5b79\" data-element_type=\"widget\" data-widget_type=\"text-editor.default\">\n\t\t\t\t<div class=\"elementor-widget-container\">\n\t\t\t\t\t<div class=\"elementor-text-editor elementor-clearfix\"><!-- wp:heading -->\n<h4 style=\"text-align: justify;\">Pol\u00edtica de privacidad<\/h4>\n<p>La presente Pol\u00edtica de Privacidad es aplicable al tratamiento de datos personales por parte de <strong>LIMPIEZAS FRANKFURT S.L. <\/strong>(en adelante la \u201cEmpresa\u201d) dentro de sus webs, app y cualquier otro medio electr\u00f3nico o plataforma digital en las que la empresa trate datos personales.<\/p>\n<p>\u00a0<\/p>\n<p><strong>1.- Responsable del tratamiento de los datos: <\/strong><\/p>\n<p><strong>Limpiezas Frankfurt S.L. con CIF B36847879 con domicilio en Av c\u00e1strelos 349. 36213 Vigo (Pontevedra) y correo electr\u00f3nico javier@ferreirua.es<\/strong> es el responsable del tratamiento de los datos facilitados, informamos que estos datos ser\u00e1n tratados de conformidad con lo dispuesto en el Reglamento (UE) 2016\/679 del Parlamento Europeo y del Consejo, de 27 de abril de 2016 relativo a la protecci\u00f3n de las personas f\u00edsicas en lo que respecta al tratamiento de datos personales y a la libre circulaci\u00f3n de estos datos y la Ley Org\u00e1nica 3\/2018, de 5 de diciembre, de Protecci\u00f3n de Datos Personales y Garant\u00edas de los Derechos Digitales.<\/p>\n<p><strong>\u00a0\u00a0\u00a0\u00a0\u00a0 <\/strong><\/p>\n<p><strong>2.- Legitimaci\u00f3n del tratamiento de los datos: <\/strong><\/p>\n<p>La legitimaci\u00f3n para el tratamiento de sus datos es el consentimiento obtenido del usuario. Los usuarios mediante la marcaci\u00f3n de la casilla correspondiente, aceptan expresamente y de forma libre e inequ\u00edvoca, que sus datos son necesarios para atender su petici\u00f3n por parte del prestador. El usuario garantiza que los datos personales facilitados son veraces y se hace responsable de comunicar cualquier modificaci\u00f3n de los mismos.<\/p>\n<p>Todos los datos solicitados a trav\u00e9s del servicio web son obligatorios, ya que son necesarios para la prestaci\u00f3n del servicio, en caso de que no se faciliten todos los datos, no se garantiza que la informaci\u00f3n y el servicio que el prestador le facilite, sean ajustados completamente a sus necesidades.<\/p>\n<p>La base jur\u00eddica para el tratamiento de los datos en el Reglamento Europeo 2016\/679 del Parlamento Europeo y del Consejo;<\/p>\n<p>.- Art 6.1 a) el interesado dio su consentimiento para el tratamiento de sus datos personales para uno o varios fines espec\u00edficos;<\/p>\n<p>.- \u00a0Art 6.1 b) el tratamiento es necesario para la ejecuci\u00f3n de un contrato en el que el interesado es parte o para la aplicaci\u00f3n a petici\u00f3n de este de medidas precontractuales;<\/p>\n<p>.- Art 6.1 c) el tratamiento es necesario para el cumplimiento de una obligaci\u00f3n legal aplicable al\u00a0\u00a0<\/p>\n<p>responsable del tratamiento.<\/p>\n<p><strong>\u00a0<\/strong><\/p>\n<p><strong>3.- Finalidad del Tratamiento:<\/strong><\/p>\n<p>La finalidad es mantener una relaci\u00f3n comercial con el usuario de las webs, app y cualquier otro medio electr\u00f3nico o plataforma digital de la empresa. Para realizar el tratamiento las operaciones previstas son:<\/p>\n<p>.- Tramitar encargos, solicitudes o cualquier tipo de petici\u00f3n que sea realizada por el usuario a trav\u00e9s de cualquiera de las formas de contacto que se ponen a su disposici\u00f3n.<\/p>\n<p>.- Envi\u00f3 de comunicaciones comerciales publicitarias relacionadas con nuestros productos y servicios por cualquier medio electr\u00f3nico o f\u00edsico, presente o futuro, que posibilite realizar comunicaciones comerciales cuando el usuario haya dado su consentimiento para ello.<\/p>\n<p>.- En el caso de aportarnos tus datos curriculares o enviarnos tu curr\u00edculum, utilizaremos tus datos para la gesti\u00f3n del contacto y de los procesos de selecci\u00f3n que llevemos a cabo.<\/p>\n<p><strong>\u00a0<\/strong><\/p>\n<p><strong>4.- Conservaci\u00f3n de los datos:<\/strong><\/p>\n<p><strong>\u00a0<\/strong>Se conservaran mientras exista un inter\u00e9s mutuo de mantener el fin del tratamiento. Cuando ya no sean necesarios para tal fin\u00a0 se suprimir\u00e1n con medidas de seguridad adecuadas para garantizar la total destrucci\u00f3n de los mismos. Los datos personales proporcionados por el interesado se mantendr\u00e1n aun solicitada su supresi\u00f3n por parte del mismo, limitando su tratamiento, \u00fanicamente para el cumplimiento de obligaciones legales y\/o el ejercicio o la defensa de reclamaciones.<\/p>\n<p>\u00a0<\/p>\n<p><strong>5.- Cu\u00e1les son tus derechos cuando nos facilitas tus datos:<\/strong><\/p>\n<p>Al usuario le asisten los derechos de:<\/p>\n<p>.- Derecho de Acceso, articulo 15 del RGPD.<\/p>\n<p>.- Derecho de Rectificaci\u00f3n, articulo 16 RGPD<\/p>\n<p>.- Derecho de Supresi\u00f3n (Derecho al Olvido), articulo 17 RGPD.<\/p>\n<p>.- Derecho a la Limitaci\u00f3n del Tratamiento, articulo 18 RGPD.<\/p>\n<p>.- Derecho a la Portabilidad de los datos, articulo 20 RGPD<\/p>\n<p>.- Derecho de Oposici\u00f3n, articulo 21 RGPD.<\/p>\n<p>Estos derechos son:<\/p>\n<p>.- Saber si tratamos tus datos o no.<\/p>\n<p>.- Acceder a los datos personales tuyos que disponemos.<\/p>\n<p>.- A rectificar tus datos que no sean correctos.<\/p>\n<p>.- Solicitar la supresi\u00f3n de tus datos o retirarnos el consentimiento otorgado.<\/p>\n<p>.- A solicitar la limitaci\u00f3n del tratamiento de tus datos, en cuyo caso solo se conservaran de acuerdo\u00a0<\/p>\n<p>\u00a0\u00a0 con la normativa vigente.<\/p>\n<p>.- Portabilidad de tus datos, te ser\u00e1n facilitados en un formato estructurado, de uso com\u00fan. Tambi\u00e9n\u00a0<\/p>\n<p>\u00a0\u00a0 podemos enviarlos al nuevo responsable que nos indiques. Solo es v\u00e1lido en determinados supuestos.<\/p>\n<p>\u00a0<\/p>\n<p>Igualmente le asiste el derecho a presentar una reclamaci\u00f3n ante la autoridad de control, <a href=\"http:\/\/www.aepd.es\">www.aepd.es<\/a> , si considera que el tratamiento no se ajusta a la normativa vigente.<\/p>\n<p>Para ejercer su derecho el usuario debe enviar\u00a0 fotocopia del D.N.I. o pasaporte a:<\/p>\n<p><strong>Limpiezas Frankfurt S.L. con CIF B36847879 con domicilio en Av c\u00e1strelos 349. 36213 Vigo (Pontevedra) y correo electr\u00f3nico javier@ferreirua.es<\/strong><strong>\u00a0\u00a0\u00a0\u00a0<\/strong><\/p>\n<p><strong>\u00a0 <\/strong><\/p>\n<p><strong>6.- A que destinatarios se comunicaran sus datos:<\/strong><\/p>\n<p>La Empresa informa y garantiza expresamente a los usuarios que sus datos personales no ser\u00e1n cedidos en ning\u00fan caso a terceros salvo en los casos en que exista una obligaci\u00f3n legal o si fuera necesario para el desarrollo y ejecuci\u00f3n de las finalidades del Tratamiento.<\/p>\n<p>Los datos que se suministren a nuestros proveedores de servicios (Gestor\u00eda, etc.) se realizan bajo la firma del contrato de Encargado del Tratamiento exigido por la normativa vigente en materia de Protecci\u00f3n de Datos.<\/p>\n<p>Si se realizara alg\u00fan tipo de cesi\u00f3n de datos personales, se pedir\u00e1 previamente el consentimiento expreso, informado e inequ\u00edvoco por parte de los usuarios.<\/p>\n<p>\u00a0<\/p>\n<p><strong>7.- Menores de Edad:<\/strong><\/p>\n<p>Si eres una persona usuaria menor de edad has de contar con el previo consentimiento de tus padres o tutores, antes de proceder a la inclusi\u00f3n de tus datos personales en nuestra web.\u00a0 La \u201cEmpresa\u201d se exime de cualquier responsabilidad por el incumplimiento de este requisito.<\/p>\n<p>\u00a0<\/p>\n<p><strong>8.- Medidas de Seguridad:<\/strong><\/p>\n<p>De conformidad con lo dispuesto en las normativas vigentes en materia de protecci\u00f3n de datos personales, el prestador est\u00e1 cumpliendo con todas las disposiciones de las normativas para el tratamiento de datos personales y los principios descritos en el art\u00edculo 5 del RGPD.<\/p>\n<p>Se garantiza que se han implementado pol\u00edticas t\u00e9cnicas y organizativas apropiadas para aplicar las medidas de seguridad que establece el RGPD \u00a0y la LOPDGDD con el fin de proteger los derechos y libertades de los usuarios y les ha comunicado la informaci\u00f3n adecuada para que puedan ejercerlos.<\/p>\n<p>\u00a0<\/p>\n<p><strong>9.- Transferencias Internacionales de Datos:<\/strong><\/p>\n<p>Los datos que recopilamos se almacenan dentro del Espacio Econ\u00f3mico Europeo. En el caso que se puedan transferir y tratar en un pa\u00eds fuera del Espacio Econ\u00f3mico Europeo se garantizan un nivel adecuado de protecci\u00f3n de los datos personales.<\/p>\n<!-- \/wp:paragraph --><\/div>\n\t\t\t\t<\/div>\n\t\t\t\t<\/div>\n\t\t\t\t\t<\/div>\n\t\t<\/div>\n\t\t\t\t\t\t\t<\/div>\n\t\t<\/section>\n\t\t\t\t\t\t<\/div>\n\t\t\t\t\t<\/div>\n\t\t","protected":false},"excerpt":{"rendered":"<p>Pol\u00edtica de privacidad La presente Pol\u00edtica de Privacidad es aplicable al tratamiento de datos personales por parte de LIMPIEZAS FRANKFURT S.L. (en adelante la \u201cEmpresa\u201d) dentro de sus webs, app y cualquier otro medio electr\u00f3nico o plataforma digital en las que la empresa trate datos personales. \u00a0 1.- Responsable del tratamiento de los datos: Limpiezas [&hellip;]<\/p>\n","protected":false},"author":2,"featured_media":0,"parent":0,"menu_order":0,"comment_status":"closed","ping_status":"open","template":"","meta":{"footnotes":""},"class_list":["post-3","page","type-page","status-publish","hentry"],"yoast_head":"<!-- This site is optimized with the Yoast SEO plugin v16.1.1 - https:\/\/yoast.com\/wordpress\/plugins\/seo\/ -->\n<title>Pol\u00edtica de privacidad - Limpiezas Frankfurt<\/title>\n<link rel=\"canonical\" href=\"https:\/\/www.limpiezasfrankfurt.com\/index.php\/politica-privacidad\/\" \/>\n<meta property=\"og:locale\" content=\"es_ES\" \/>\n<meta property=\"og:type\" content=\"article\" \/>\n<meta property=\"og:title\" content=\"Pol\u00edtica de privacidad - Limpiezas Frankfurt\" \/>\n<meta property=\"og:description\" content=\"Pol\u00edtica de privacidad La presente Pol\u00edtica de Privacidad es aplicable al tratamiento de datos personales por parte de LIMPIEZAS FRANKFURT S.L. (en adelante la \u201cEmpresa\u201d) dentro de sus webs, app y cualquier otro medio electr\u00f3nico o plataforma digital en las que la empresa trate datos personales. \u00a0 1.- Responsable del tratamiento de los datos: Limpiezas [&hellip;]\" \/>\n<meta property=\"og:url\" content=\"https:\/\/www.limpiezasfrankfurt.com\/index.php\/politica-privacidad\/\" \/>\n<meta property=\"og:site_name\" content=\"Limpiezas Frankfurt\" \/>\n<meta property=\"article:modified_time\" content=\"2022-03-22T18:33:42+00:00\" \/>\n<meta name=\"twitter:card\" content=\"summary_large_image\" \/>\n<meta name=\"twitter:label1\" content=\"Tiempo de lectura\">\n\t<meta name=\"twitter:data1\" content=\"5 minutos\">\n<script type=\"application\/ld+json\" class=\"yoast-schema-graph\">{\"@context\":\"https:\/\/schema.org\",\"@graph\":[{\"@type\":\"WebSite\",\"@id\":\"https:\/\/www.limpiezasfrankfurt.com\/#website\",\"url\":\"https:\/\/www.limpiezasfrankfurt.com\/\",\"name\":\"Limpiezas Frankfurt\",\"description\":\"Limpiezas en general en Vigo\",\"potentialAction\":[{\"@type\":\"SearchAction\",\"target\":\"https:\/\/www.limpiezasfrankfurt.com\/?s={search_term_string}\",\"query-input\":\"required name=search_term_string\"}],\"inLanguage\":\"es\"},{\"@type\":\"WebPage\",\"@id\":\"https:\/\/www.limpiezasfrankfurt.com\/index.php\/politica-privacidad\/#webpage\",\"url\":\"https:\/\/www.limpiezasfrankfurt.com\/index.php\/politica-privacidad\/\",\"name\":\"Pol\\u00edtica de privacidad - Limpiezas Frankfurt\",\"isPartOf\":{\"@id\":\"https:\/\/www.limpiezasfrankfurt.com\/#website\"},\"datePublished\":\"2021-03-18T16:17:32+00:00\",\"dateModified\":\"2022-03-22T18:33:42+00:00\",\"breadcrumb\":{\"@id\":\"https:\/\/www.limpiezasfrankfurt.com\/index.php\/politica-privacidad\/#breadcrumb\"},\"inLanguage\":\"es\",\"potentialAction\":[{\"@type\":\"ReadAction\",\"target\":[\"https:\/\/www.limpiezasfrankfurt.com\/index.php\/politica-privacidad\/\"]}]},{\"@type\":\"BreadcrumbList\",\"@id\":\"https:\/\/www.limpiezasfrankfurt.com\/index.php\/politica-privacidad\/#breadcrumb\",\"itemListElement\":[{\"@type\":\"ListItem\",\"position\":1,\"item\":{\"@type\":\"WebPage\",\"@id\":\"https:\/\/www.limpiezasfrankfurt.com\/\",\"url\":\"https:\/\/www.limpiezasfrankfurt.com\/\",\"name\":\"Portada\"}},{\"@type\":\"ListItem\",\"position\":2,\"item\":{\"@type\":\"WebPage\",\"@id\":\"https:\/\/www.limpiezasfrankfurt.com\/index.php\/politica-privacidad\/\",\"url\":\"https:\/\/www.limpiezasfrankfurt.com\/index.php\/politica-privacidad\/\",\"name\":\"Pol\\u00edtica de privacidad\"}}]}]}<\/script>\n<!-- \/ Yoast SEO plugin. -->","_links":{"self":[{"href":"https:\/\/www.limpiezasfrankfurt.com\/index.php\/wp-json\/wp\/v2\/pages\/3","targetHints":{"allow":["GET"]}}],"collection":[{"href":"https:\/\/www.limpiezasfrankfurt.com\/index.php\/wp-json\/wp\/v2\/pages"}],"about":[{"href":"https:\/\/www.limpiezasfrankfurt.com\/index.php\/wp-json\/wp\/v2\/types\/page"}],"author":[{"embeddable":true,"href":"https:\/\/www.limpiezasfrankfurt.com\/index.php\/wp-json\/wp\/v2\/users\/2"}],"replies":[{"embeddable":true,"href":"https:\/\/www.limpiezasfrankfurt.com\/index.php\/wp-json\/wp\/v2\/comments?post=3"}],"version-history":[{"count":17,"href":"https:\/\/www.limpiezasfrankfurt.com\/index.php\/wp-json\/wp\/v2\/pages\/3\/revisions"}],"predecessor-version":[{"id":849,"href":"https:\/\/www.limpiezasfrankfurt.com\/index.php\/wp-json\/wp\/v2\/pages\/3\/revisions\/849"}],"wp:attachment":[{"href":"https:\/\/www.limpiezasfrankfurt.com\/index.php\/wp-json\/wp\/v2\/media?parent=3"}],"curies":[{"name":"wp","href":"https:\/\/api.w.org\/{rel}","templated":true}]}}