{"id":234,"date":"2021-03-23T12:51:43","date_gmt":"2021-03-23T12:51:43","guid":{"rendered":"http:\/\/comercialguibu.com\/?page_id=234"},"modified":"2022-03-24T16:41:04","modified_gmt":"2022-03-24T16:41:04","slug":"politica-de-cookies","status":"publish","type":"page","link":"https:\/\/www.limpiezasfrankfurt.com\/index.php\/politica-de-cookies\/","title":{"rendered":"Pol\u00edtica de cookies"},"content":{"rendered":"\t\t<div data-elementor-type=\"wp-page\" data-elementor-id=\"234\" class=\"elementor elementor-234\" data-elementor-settings=\"[]\">\n\t\t\t\t\t\t\t<div class=\"elementor-section-wrap\">\n\t\t\t\t\t\t\t<section class=\"elementor-section elementor-top-section elementor-element elementor-element-4cfa539 elementor-section-boxed elementor-section-height-default elementor-section-height-default\" data-id=\"4cfa539\" data-element_type=\"section\">\n\t\t\t\t\t\t<div class=\"elementor-container elementor-column-gap-default\">\n\t\t\t\t\t<div class=\"elementor-column elementor-col-100 elementor-top-column elementor-element elementor-element-34594c44\" data-id=\"34594c44\" data-element_type=\"column\">\n\t\t\t<div class=\"elementor-widget-wrap elementor-element-populated\">\n\t\t\t\t\t\t\t\t<div class=\"elementor-element elementor-element-7821d0 elementor-widget elementor-widget-text-editor\" data-id=\"7821d0\" data-element_type=\"widget\" data-widget_type=\"text-editor.default\">\n\t\t\t\t<div class=\"elementor-widget-container\">\n\t\t\t\t\t<div class=\"elementor-text-editor elementor-clearfix\"><h4>Pol\u00edtica de cookies<\/h4><p>Esta web propiedad de <strong>LIMPIEZAS FRANKFURT S.L.<\/strong> no recopila ni cede datos a terceras empresas de sus usuarios sin su consentimiento previo. Las cookies que se utilizan permiten al usuario la navegaci\u00f3n en la misma y la utilizaci\u00f3n de los servicios que en ella aparecen.<\/p><p>La web puede llegar a disponer de enlaces a otras web ajenas a nuestra empresa, en ella ustedes podr\u00e1n libremente aceptar o no la Pol\u00edtica de Privacidad y las Cookies de dichas p\u00e1ginas web. Normalmente, si usted navega por internet puede aceptar o rechazar las Cookies de terceros en los navegadores. La empresa no se hace responsable ni del contenido ni de la veracidad de las pol\u00edticas de privacidad que puedan tener los terceros mencionados en esta pol\u00edtica de cookies.<\/p><p>A continuaci\u00f3n encontrar\u00e1 informaci\u00f3n m\u00e1s detallada sobre qu\u00e9 son las cookies, qu\u00e9 tipo de cookies utiliza esta web, c\u00f3mo puede desactivar las cookies en su navegador o c\u00f3mo desactivar espec\u00edficamente la instalaci\u00f3n de cookies de terceros y qu\u00e9 ocurre en caso de deshabilitarlas.<\/p><p>\u00a0<\/p><p><strong>1.- \u00bfQu\u00e9 son las cookies?<\/strong><\/p><p>Las cookies son peque\u00f1os archivos que algunas plataformas, como las p\u00e1ginas web, pueden instalar en su ordenador, Smartphone, tableta o televisi\u00f3n conectada, al acceder a las mismas.<\/p><p>Sus funciones pueden ser muy variadas: almacenar sus preferencias de navegaci\u00f3n, recopilar informaci\u00f3n estad\u00edstica, permitir ciertas funcionalidades t\u00e9cnicas, almacenar y recuperar informaci\u00f3n sobre los h\u00e1bitos de navegaci\u00f3n o preferencias de un usuario o de su equipo hasta el punto, en ocasiones, dependiendo de la informaci\u00f3n que contengan y de la forma en que utilice su equipo, de poder reconocerlo. Una cookie se almacena en un ordenador para personalizar y facilitar al m\u00e1ximo la navegaci\u00f3n del usuario. Las cookies se asocian \u00fanicamente a un usuario y su ordenador y no proporcionan referencias que permitan deducir datos personales del usuario. El usuario podr\u00e1 configurar su navegador para que notifique o rechace la instalaci\u00f3n de las cookies enviadas por el sitio web.<\/p><p>\u00a0<\/p><p><strong>2.- \u00bfPor qu\u00e9 son importantes?<\/strong><\/p><p>Las cookies son \u00fatiles por varios motivos. Desde un punto de vista t\u00e9cnico, permiten que las p\u00e1ginas web funcionen de forma m\u00e1s \u00e1gil y adaptada a las preferencias del usuario como, por ejemplo, almacenar su idioma o la moneda de su pa\u00eds. Adem\u00e1s, ayudan a los responsables de los sitios web a mejorar los servicios que ofrecen, gracias a la informaci\u00f3n estad\u00edstica que recogen a trav\u00e9s de ellas. Finalmente, sirven para hacer m\u00e1s eficiente la publicidad que le mostramos.<\/p><p>\u00a0<\/p><p><strong>3.- \u00bfQu\u00e9 tipo de Cookies existen?<\/strong><\/p><p>Seg\u00fan el plazo de tiempo que permanecen activas las cookies pueden ser:<\/p><p><strong>.-Cookies de sesi\u00f3n<\/strong>: dise\u00f1adas para recabar y almacenar datos mientras el usuario accede a una p\u00e1gina web. Se suelen emplear para almacenar informaci\u00f3n que s\u00f3lo interesa conservar para la prestaci\u00f3n del servicio solicitado por el usuario en una sola ocasi\u00f3n (por ejemplo, una lista de productos adquiridos).<\/p><p><strong>.- Cookies persistentes<\/strong>: Son un tipo de cookies por las que los datos siguen almacenados en el terminal y puede accederse a ellos y ser tratados durante un periodo definido. Tienen fecha de borrado. Se utilizan por ejemplo en el proceso de compra o registro para evitar tener que introducir nuestros datos constantemente.<\/p><p>Seg\u00fan quien sea la entidad que gestione el equipo o dominio desde donde se env\u00edan las cookies y trate los datos que se obtengan, podemos distinguir:<\/p><p><strong>.- Cookies propias:<\/strong> Son aquellas que se env\u00edan al dispositivo de los usuarios gestionados exclusivamente por nosotros para el mejor funcionamiento del sitio. Son las cookies generadas por la web que est\u00e1 visitando.<\/p><p><strong>.- Cookies de terceros:<\/strong> Son aquellas que se env\u00edan al dispositivo del usuario desde un equipo o dominio que no es gestionado por nosotros sino por otra entidad, que tratar\u00e1 los datos obtenidos. Son las generadas por servicios o proveedores externos como pueden ser Facebook, Google, etc.<\/p><p>Seg\u00fan la finalidad pueden ser:<\/p><p>.- <strong>Cookies T\u00e9cnicas<\/strong>: Son aquellas que permiten al usuario la navegaci\u00f3n a trav\u00e9s de una p\u00e1gina web, plataforma o aplicaci\u00f3n, y la utilizaci\u00f3n de las diferentes opciones o servicios que en ella existan, incluyendo aquellas que el editor utiliza para permitir la gesti\u00f3n y operativa de la p\u00e1gina web y habilitar sus funciones y servicios. Tambi\u00e9n pertenecen a esta categor\u00eda, por su naturaleza t\u00e9cnica, aquellas cookies que permiten la gesti\u00f3n, de la forma m\u00e1s eficaz posible, de los espacios publicitarios que, como un elemento m\u00e1s de dise\u00f1o o \u201cmaquetaci\u00f3n\u201d del servicio ofrecido al usuario, el editor haya incluido en una p\u00e1gina web, aplicaci\u00f3n o plataforma en base a criterios como el contenido editado, sin que se recopile informaci\u00f3n de los usuarios con fines distintos, como puede ser personalizar ese contenido publicitario u otros contenidos.<\/p><p>.- <strong>Cookies de preferencias o personalizaci\u00f3n<\/strong>: son aquellas que permiten recordar informaci\u00f3n para que el usuario acceda al servicio con determinadas caracter\u00edsticas que pueden diferenciar su experiencia de la de otros usuarios, como, por ejemplo, el idioma, el n\u00famero de resultados a mostrar cuando el usuario realiza una b\u00fasqueda, el aspecto o contenido del servicio en funci\u00f3n del tipo de navegador a trav\u00e9s del cual el usuario accede al servicio o de la regi\u00f3n desde la que accede al servicio, etc.<\/p><p>.- <strong>Cookies de an\u00e1lisis o medici\u00f3n<\/strong>: son aquellas que permiten al responsable de las mismas el seguimiento y an\u00e1lisis del comportamiento de los usuarios de los sitios web a los que est\u00e1n vinculadas, incluida la cuantificaci\u00f3n de los impactos de los anuncios. La informaci\u00f3n recogida mediante este tipo de cookies se utiliza en la medici\u00f3n de la actividad de los sitios web, aplicaci\u00f3n o plataforma, con el fin de introducir mejoras en funci\u00f3n del an\u00e1lisis de los datos de uso que hacen los usuarios del servicio.<\/p><p>.- <strong>Cookies de publicidad comportamental<\/strong>: son aquellas que almacenan informaci\u00f3n del comportamiento de los usuarios obtenida a trav\u00e9s de la observaci\u00f3n continuada de sus h\u00e1bitos de navegaci\u00f3n, lo que permite desarrollar un perfil espec\u00edfico para mostrar publicidad en funci\u00f3n del mismo.<\/p><p>\u00a0<\/p><p><strong>4.- \u00bfC\u00f3mo puedo configurar mis preferencias?<\/strong><\/p><p>Usted puede permitir, bloquear o eliminar las cookies instaladas en su equipo mediante la configuraci\u00f3n de las opciones de su navegador de internet.<\/p><p>A continuaci\u00f3n le ofrecemos enlaces en los que encontrar\u00e1 informaci\u00f3n sobre c\u00f3mo puede activar sus preferencias en los principales navegadores:<\/p><p>.- <strong>Explorer, <\/strong>\u00a0<a href=\"https:\/\/support.microsoft.com\/es-es\/help\/17442\/windows-internet-explorer-delete-manage-cookies\">https:\/\/support.microsoft.com\/es-es\/help\/17442\/windows-internet-explorer-delete-manage-cookies<\/a><\/p><p>.- <strong>Chrome<\/strong>, <a href=\"https:\/\/support.google.com\/chrome\/answer\/95647?hl=es\">https:\/\/support.google.com\/chrome\/answer\/95647?hl=es<\/a><\/p><p><strong>.- Safari<\/strong>, <a href=\"https:\/\/support.apple.com\/es-es\/guide\/safari\/sfri11471\/mac\">https:\/\/support.apple.com\/es-es\/guide\/safari\/sfri11471\/mac<\/a><\/p><p><strong>.- Firefox<\/strong>, <a href=\"https:\/\/support.mozilla.org\/es\/kb\/habilitar-y-deshabilitar-cookies-sitios-web-rastrear-preferencias?redirectlocale=es&amp;redirectslug=habilitar-y-deshabilitar-cookies-que-los-sitios-we\">https:\/\/support.mozilla.org\/es\/kb\/habilitar-y-deshabilitar-cookies-sitios-web-rastrear-preferencias?redirectlocale=es&amp;redirectslug=habilitar-y-deshabilitar-cookies-que-los-sitios-we<\/a><\/p><p><strong>.- Opera, <\/strong><a href=\"https:\/\/help.opera.com\/en\/latest\/web-preferences\/#cookies\">https:\/\/help.opera.com\/en\/latest\/web-preferences\/#cookies<\/a><\/p><p>\u00a0<\/p><p><strong>5.- Ejercicios de sus derechos.<\/strong><\/p><p>Puede consultar en la Pol\u00edtica de Privacidad que figura en esta web los derechos que le asisten y como puede ejercitarlos.<\/p><p>\u00a0<\/p><\/div>\n\t\t\t\t<\/div>\n\t\t\t\t<\/div>\n\t\t\t\t\t<\/div>\n\t\t<\/div>\n\t\t\t\t\t\t\t<\/div>\n\t\t<\/section>\n\t\t\t\t\t\t<\/div>\n\t\t\t\t\t<\/div>\n\t\t","protected":false},"excerpt":{"rendered":"<p>Pol\u00edtica de cookies Esta web propiedad de LIMPIEZAS FRANKFURT S.L. no recopila ni cede datos a terceras empresas de sus usuarios sin su consentimiento previo. Las cookies que se utilizan permiten al usuario la navegaci\u00f3n en la misma y la utilizaci\u00f3n de los servicios que en ella aparecen. La web puede llegar a disponer de [&hellip;]<\/p>\n","protected":false},"author":2,"featured_media":0,"parent":0,"menu_order":0,"comment_status":"closed","ping_status":"closed","template":"","meta":{"footnotes":""},"class_list":["post-234","page","type-page","status-publish","hentry"],"yoast_head":"<!-- This site is optimized with the Yoast SEO plugin v16.1.1 - https:\/\/yoast.com\/wordpress\/plugins\/seo\/ -->\n<title>Pol\u00edtica de cookies - Limpiezas Frankfurt<\/title>\n<link rel=\"canonical\" href=\"https:\/\/www.limpiezasfrankfurt.com\/index.php\/politica-de-cookies\/\" \/>\n<meta property=\"og:locale\" content=\"es_ES\" \/>\n<meta property=\"og:type\" content=\"article\" \/>\n<meta property=\"og:title\" content=\"Pol\u00edtica de cookies - Limpiezas Frankfurt\" \/>\n<meta property=\"og:description\" content=\"Pol\u00edtica de cookies Esta web propiedad de LIMPIEZAS FRANKFURT S.L. no recopila ni cede datos a terceras empresas de sus usuarios sin su consentimiento previo. Las cookies que se utilizan permiten al usuario la navegaci\u00f3n en la misma y la utilizaci\u00f3n de los servicios que en ella aparecen. La web puede llegar a disponer de [&hellip;]\" \/>\n<meta property=\"og:url\" content=\"https:\/\/www.limpiezasfrankfurt.com\/index.php\/politica-de-cookies\/\" \/>\n<meta property=\"og:site_name\" content=\"Limpiezas Frankfurt\" \/>\n<meta property=\"article:modified_time\" content=\"2022-03-24T16:41:04+00:00\" \/>\n<meta name=\"twitter:card\" content=\"summary_large_image\" \/>\n<meta name=\"twitter:label1\" content=\"Tiempo de lectura\">\n\t<meta name=\"twitter:data1\" content=\"5 minutos\">\n<script type=\"application\/ld+json\" class=\"yoast-schema-graph\">{\"@context\":\"https:\/\/schema.org\",\"@graph\":[{\"@type\":\"WebSite\",\"@id\":\"https:\/\/www.limpiezasfrankfurt.com\/#website\",\"url\":\"https:\/\/www.limpiezasfrankfurt.com\/\",\"name\":\"Limpiezas Frankfurt\",\"description\":\"Limpiezas en general en Vigo\",\"potentialAction\":[{\"@type\":\"SearchAction\",\"target\":\"https:\/\/www.limpiezasfrankfurt.com\/?s={search_term_string}\",\"query-input\":\"required name=search_term_string\"}],\"inLanguage\":\"es\"},{\"@type\":\"WebPage\",\"@id\":\"https:\/\/www.limpiezasfrankfurt.com\/index.php\/politica-de-cookies\/#webpage\",\"url\":\"https:\/\/www.limpiezasfrankfurt.com\/index.php\/politica-de-cookies\/\",\"name\":\"Pol\\u00edtica de cookies - Limpiezas Frankfurt\",\"isPartOf\":{\"@id\":\"https:\/\/www.limpiezasfrankfurt.com\/#website\"},\"datePublished\":\"2021-03-23T12:51:43+00:00\",\"dateModified\":\"2022-03-24T16:41:04+00:00\",\"breadcrumb\":{\"@id\":\"https:\/\/www.limpiezasfrankfurt.com\/index.php\/politica-de-cookies\/#breadcrumb\"},\"inLanguage\":\"es\",\"potentialAction\":[{\"@type\":\"ReadAction\",\"target\":[\"https:\/\/www.limpiezasfrankfurt.com\/index.php\/politica-de-cookies\/\"]}]},{\"@type\":\"BreadcrumbList\",\"@id\":\"https:\/\/www.limpiezasfrankfurt.com\/index.php\/politica-de-cookies\/#breadcrumb\",\"itemListElement\":[{\"@type\":\"ListItem\",\"position\":1,\"item\":{\"@type\":\"WebPage\",\"@id\":\"https:\/\/www.limpiezasfrankfurt.com\/\",\"url\":\"https:\/\/www.limpiezasfrankfurt.com\/\",\"name\":\"Portada\"}},{\"@type\":\"ListItem\",\"position\":2,\"item\":{\"@type\":\"WebPage\",\"@id\":\"https:\/\/www.limpiezasfrankfurt.com\/index.php\/politica-de-cookies\/\",\"url\":\"https:\/\/www.limpiezasfrankfurt.com\/index.php\/politica-de-cookies\/\",\"name\":\"Pol\\u00edtica de cookies\"}}]}]}<\/script>\n<!-- \/ Yoast SEO plugin. -->","_links":{"self":[{"href":"https:\/\/www.limpiezasfrankfurt.com\/index.php\/wp-json\/wp\/v2\/pages\/234","targetHints":{"allow":["GET"]}}],"collection":[{"href":"https:\/\/www.limpiezasfrankfurt.com\/index.php\/wp-json\/wp\/v2\/pages"}],"about":[{"href":"https:\/\/www.limpiezasfrankfurt.com\/index.php\/wp-json\/wp\/v2\/types\/page"}],"author":[{"embeddable":true,"href":"https:\/\/www.limpiezasfrankfurt.com\/index.php\/wp-json\/wp\/v2\/users\/2"}],"replies":[{"embeddable":true,"href":"https:\/\/www.limpiezasfrankfurt.com\/index.php\/wp-json\/wp\/v2\/comments?post=234"}],"version-history":[{"count":19,"href":"https:\/\/www.limpiezasfrankfurt.com\/index.php\/wp-json\/wp\/v2\/pages\/234\/revisions"}],"predecessor-version":[{"id":864,"href":"https:\/\/www.limpiezasfrankfurt.com\/index.php\/wp-json\/wp\/v2\/pages\/234\/revisions\/864"}],"wp:attachment":[{"href":"https:\/\/www.limpiezasfrankfurt.com\/index.php\/wp-json\/wp\/v2\/media?parent=234"}],"curies":[{"name":"wp","href":"https:\/\/api.w.org\/{rel}","templated":true}]}}